{"id":45986,"date":"2025-11-29T18:46:48","date_gmt":"2025-11-29T17:46:48","guid":{"rendered":"https:\/\/env-devihmadridcom-dev2.kinsta.cloud\/?page_id=45986"},"modified":"2025-11-29T18:47:12","modified_gmt":"2025-11-29T17:47:12","slug":"cultural-and-social-programs-for-international-students","status":"publish","type":"page","link":"https:\/\/env-devihmadridcom-dev2.kinsta.cloud\/en\/international-student\/social-cultural-programmes","title":{"rendered":"Cultural and Social Programs for International Students"},"content":{"rendered":"\t\t<div data-elementor-type=\"wp-page\" data-elementor-id=\"45986\" class=\"elementor elementor-45986 elementor-32278\" data-elementor-settings=\"{&quot;element_pack_global_tooltip_width&quot;:{&quot;unit&quot;:&quot;px&quot;,&quot;size&quot;:&quot;&quot;,&quot;sizes&quot;:[]},&quot;element_pack_global_tooltip_width_laptop&quot;:{&quot;unit&quot;:&quot;px&quot;,&quot;size&quot;:&quot;&quot;,&quot;sizes&quot;:[]},&quot;element_pack_global_tooltip_width_tablet&quot;:{&quot;unit&quot;:&quot;px&quot;,&quot;size&quot;:&quot;&quot;,&quot;sizes&quot;:[]},&quot;element_pack_global_tooltip_width_mobile&quot;:{&quot;unit&quot;:&quot;px&quot;,&quot;size&quot;:&quot;&quot;,&quot;sizes&quot;:[]},&quot;element_pack_global_tooltip_padding&quot;:{&quot;unit&quot;:&quot;px&quot;,&quot;top&quot;:&quot;&quot;,&quot;right&quot;:&quot;&quot;,&quot;bottom&quot;:&quot;&quot;,&quot;left&quot;:&quot;&quot;,&quot;isLinked&quot;:true},&quot;element_pack_global_tooltip_padding_laptop&quot;:{&quot;unit&quot;:&quot;px&quot;,&quot;top&quot;:&quot;&quot;,&quot;right&quot;:&quot;&quot;,&quot;bottom&quot;:&quot;&quot;,&quot;left&quot;:&quot;&quot;,&quot;isLinked&quot;:true},&quot;element_pack_global_tooltip_padding_tablet&quot;:{&quot;unit&quot;:&quot;px&quot;,&quot;top&quot;:&quot;&quot;,&quot;right&quot;:&quot;&quot;,&quot;bottom&quot;:&quot;&quot;,&quot;left&quot;:&quot;&quot;,&quot;isLinked&quot;:true},&quot;element_pack_global_tooltip_padding_mobile&quot;:{&quot;unit&quot;:&quot;px&quot;,&quot;top&quot;:&quot;&quot;,&quot;right&quot;:&quot;&quot;,&quot;bottom&quot;:&quot;&quot;,&quot;left&quot;:&quot;&quot;,&quot;isLinked&quot;:true},&quot;element_pack_global_tooltip_border_radius&quot;:{&quot;unit&quot;:&quot;px&quot;,&quot;top&quot;:&quot;&quot;,&quot;right&quot;:&quot;&quot;,&quot;bottom&quot;:&quot;&quot;,&quot;left&quot;:&quot;&quot;,&quot;isLinked&quot;:true},&quot;element_pack_global_tooltip_border_radius_laptop&quot;:{&quot;unit&quot;:&quot;px&quot;,&quot;top&quot;:&quot;&quot;,&quot;right&quot;:&quot;&quot;,&quot;bottom&quot;:&quot;&quot;,&quot;left&quot;:&quot;&quot;,&quot;isLinked&quot;:true},&quot;element_pack_global_tooltip_border_radius_tablet&quot;:{&quot;unit&quot;:&quot;px&quot;,&quot;top&quot;:&quot;&quot;,&quot;right&quot;:&quot;&quot;,&quot;bottom&quot;:&quot;&quot;,&quot;left&quot;:&quot;&quot;,&quot;isLinked&quot;:true},&quot;element_pack_global_tooltip_border_radius_mobile&quot;:{&quot;unit&quot;:&quot;px&quot;,&quot;top&quot;:&quot;&quot;,&quot;right&quot;:&quot;&quot;,&quot;bottom&quot;:&quot;&quot;,&quot;left&quot;:&quot;&quot;,&quot;isLinked&quot;:true}}\" data-elementor-post-type=\"page\">\n\t\t\t\t<div class=\"elementor-element elementor-element-69af353 e-con-full e-flex e-con e-parent\" data-id=\"69af353\" data-element_type=\"container\" data-e-type=\"container\" data-settings=\"{&quot;background_background&quot;:&quot;classic&quot;}\">\n\t\t\t\t<div class=\"elementor-element elementor-element-d83d76a elementor-widget__width-initial elementor-widget-mobile__width-inherit elementor-widget elementor-widget-text-editor\" data-id=\"d83d76a\" data-element_type=\"widget\" data-e-type=\"widget\" data-widget_type=\"text-editor.default\">\n\t\t\t\t<div class=\"elementor-widget-container\">\n\t\t\t\t\t\t\t\t\t<div data-id=\"84c3afb\" data-element_type=\"widget\" data-widget_type=\"heading.default\"><div><h1><span style=\"color: #ffffff;\"><strong>Programas Culturales y Sociales para Estudiantes Internacionales\u00a0<\/strong><\/span><\/h1><p><span style=\"color: #ffffff;\"><strong>\u00a0<\/strong><\/span><\/p><p><span style=\"color: #ffffff;\"><span style=\"font-size: 12pt; background-color: transparent; font-family: Roboto, sans-serif; font-variant-numeric: normal; font-variant-east-asian: normal; font-variant-alternates: normal; font-variant-position: normal; vertical-align: baseline; white-space-collapse: preserve;\">En International House Madrid, creemos que el aprendizaje de un idioma va m\u00e1s all\u00e1 del aula. Por eso, ofrecemos una variedad de programas culturales y sociales que complementan nuestros <\/span><a style=\"font-size: var( --e-global-typography-text-font-size ); color: #ffffff;\" href=\"https:\/\/env-devihmadridcom-dev2.kinsta.cloud\/cursos-espanol\/\"><span style=\"font-size: 12pt; font-family: Roboto, sans-serif; background-color: transparent; font-variant-numeric: normal; font-variant-east-asian: normal; font-variant-alternates: normal; font-variant-position: normal; text-decoration-skip-ink: none; vertical-align: baseline; white-space-collapse: preserve;\">cursos de espa\u00f1ol<\/span><\/a><span style=\"font-size: 12pt; background-color: transparent; font-family: Roboto, sans-serif; font-variant-numeric: normal; font-variant-east-asian: normal; font-variant-alternates: normal; font-variant-position: normal; vertical-align: baseline; white-space-collapse: preserve;\">. Estos programas est\u00e1n dise\u00f1ados para sumergirte en la cultura espa\u00f1ola, mejorar tu fluidez en espa\u00f1ol y proporcionarte una experiencia de aprendizaje integral.<\/span><\/span><\/p><div><span style=\"font-size: 12pt; font-family: Roboto, sans-serif; color: #111111; background-color: transparent; font-variant-numeric: normal; font-variant-east-asian: normal; font-variant-alternates: normal; font-variant-position: normal; vertical-align: baseline; white-space-collapse: preserve;\">\u00a0<\/span><\/div><\/div><\/div>\t\t\t\t\t\t\t\t<\/div>\n\t\t\t\t<\/div>\n\t\t\t\t<div class=\"elementor-element elementor-element-3cffc31 elementor-widget__width-initial elementor-widget-mobile__width-inherit img_tit elementor-widget elementor-widget-image\" data-id=\"3cffc31\" data-element_type=\"widget\" data-e-type=\"widget\" data-widget_type=\"image.default\">\n\t\t\t\t<div class=\"elementor-widget-container\">\n\t\t\t\t\t\t\t\t\t\t\t\t\t\t\t<img fetchpriority=\"high\" decoding=\"async\" width=\"768\" height=\"576\" src=\"https:\/\/env-devihmadridcom-dev2.kinsta.cloud\/wp-content\/uploads\/2023\/02\/IMG-20220711-WA0002-768x576.jpg\" class=\"attachment-medium_large size-medium_large wp-image-19960\" alt=\"\" srcset=\"https:\/\/env-devihmadridcom-dev2.kinsta.cloud\/wp-content\/uploads\/2023\/02\/IMG-20220711-WA0002-768x576.jpg 768w, https:\/\/env-devihmadridcom-dev2.kinsta.cloud\/wp-content\/uploads\/2023\/02\/IMG-20220711-WA0002-300x225.jpg 300w, https:\/\/env-devihmadridcom-dev2.kinsta.cloud\/wp-content\/uploads\/2023\/02\/IMG-20220711-WA0002-1024x768.jpg 1024w, https:\/\/env-devihmadridcom-dev2.kinsta.cloud\/wp-content\/uploads\/2023\/02\/IMG-20220711-WA0002-1536x1152.jpg 1536w, https:\/\/env-devihmadridcom-dev2.kinsta.cloud\/wp-content\/uploads\/2023\/02\/IMG-20220711-WA0002-600x450.jpg 600w, https:\/\/env-devihmadridcom-dev2.kinsta.cloud\/wp-content\/uploads\/2023\/02\/IMG-20220711-WA0002.jpg 1600w\" sizes=\"(max-width: 768px) 100vw, 768px\" title=\"\">\t\t\t\t\t\t\t\t\t\t\t\t\t\t\t<\/div>\n\t\t\t\t<\/div>\n\t\t\t\t<\/div>\n\t\t<div class=\"elementor-element elementor-element-06fdecf e-flex e-con-boxed e-con e-parent\" data-id=\"06fdecf\" data-element_type=\"container\" data-e-type=\"container\">\n\t\t\t\t\t<div class=\"e-con-inner\">\n\t\t\t\t<div class=\"elementor-element elementor-element-cfb0047 elementor-widget elementor-widget-text-editor\" data-id=\"cfb0047\" data-element_type=\"widget\" data-e-type=\"widget\" data-widget_type=\"text-editor.default\">\n\t\t\t\t<div class=\"elementor-widget-container\">\n\t\t\t\t\t\t\t\t\t<h2>Actividades Culturales<\/h2><p>Nuestros programas culturales incluyen visitas a museos como <strong>El Prado, Reina Sof\u00eda, Arqueol\u00f3gico, Sorolla<\/strong>, entre otros. Tambi\u00e9n organizamos paseos guiados por los distritos hist\u00f3ricos de Madrid, como <strong>Austrias, Barrio de las Letras, Borbones, Malasa\u00f1a,<\/strong> etc. Adem\u00e1s, ofrecemos <strong>degustaciones gastron\u00f3micas<\/strong>, como tapas, chocolate con churros, catas de jam\u00f3n y vino, as\u00ed como actividades que te acercan al conocimiento de nuestra dieta, como <strong>visitas a tiendas y mercados tradicionales<\/strong>.<\/p><p>\u00a0<\/p><h2>Actividades Sociales<\/h2><p><span style=\"font-weight: 400;\">Nuestras actividades sociales est\u00e1n dise\u00f1adas para fomentar la interacci\u00f3n y la pr\u00e1ctica del espa\u00f1ol fuera del aula. Estas incluyen<strong> intercambios<\/strong> con estudiantes espa\u00f1oles, <strong>clubes de conversaci\u00f3n,<\/strong> y <strong>espect\u00e1culos<\/strong> relacionados con nuestra cultura, como el <strong>flamenco o festivales y ferias tradicionales como San Isidro, La Paloma,<\/strong> etc.<\/span><\/p><p>\u00a0<\/p><h2>Eventos Culturales<\/h2><p><span style=\"font-weight: 400;\">Adem\u00e1s de nuestras actividades regulares, <strong>organizamos eventos culturales a lo largo del a\u00f1o.<\/strong> Estos eventos proporcionan oportunidades adicionales para practicar espa\u00f1ol y aprender m\u00e1s sobre<strong> la cultura espa\u00f1ola.<\/strong> Para obtener m\u00e1s informaci\u00f3n sobre nuestros pr\u00f3ximos eventos, visita nuestra p\u00e1gina de eventos.<\/span><\/p><p>\u00a0<\/p><h2>Participaci\u00f3n en los Programas<\/h2><p><span style=\"font-weight: 400;\">La organizaci\u00f3n de nuestros programas culturales y sociales est\u00e1 incluida en nuestros <\/span><a href=\"https:\/\/env-devihmadridcom-dev2.kinsta.cloud\/cursos-espanol\/\"><span style=\"font-weight: 400;\">cursos de espa\u00f1ol<\/span><\/a><span style=\"font-weight: 400;\">. Sin embargo, es importante destacar que cualquier costo adicional, como las entradas a museos, comidas, bebidas u otras compras realizadas durante las actividades, no est\u00e1n incluidos. A pesar de esto, <strong>recomendamos<\/strong> encarecidamente <strong>a los estudiantes que participen en estas actividades, ya que son una excelente manera de practicar espa\u00f1ol y conocer la cultura espa\u00f1ola.<\/strong><\/span><\/p><p><span style=\"font-weight: 400;\">Si tienes alguna pregunta o necesitas m\u00e1s <\/span><a href=\"https:\/\/env-devihmadridcom-dev2.kinsta.cloud\/estudiante-internacional\/\"><span style=\"font-weight: 400;\">informaci\u00f3n para estudiantes internacionales<\/span><\/a><span style=\"font-weight: 400;\">, no dudes en ponerte en contacto con nosotros. En International House Madrid, estamos comprometidos a proporcionar una experiencia de aprendizaje de espa\u00f1ol enriquecedora y culturalmente inmersiva en nuestra <\/span><a href=\"https:\/\/env-devihmadridcom-dev2.kinsta.cloud\/cursos-espanol\/madrid\/\"><span style=\"font-weight: 400;\">academia de espa\u00f1ol en Madrid<\/span><\/a><span style=\"font-weight: 400;\">.<\/span><\/p><p><span style=\"font-weight: 400;\">\u00a0<\/span><\/p>\t\t\t\t\t\t\t\t<\/div>\n\t\t\t\t<\/div>\n\t\t\t\t\t<\/div>\n\t\t\t\t<\/div>\n\t\t<div class=\"elementor-element elementor-element-cee9085 e-flex e-con-boxed e-con e-parent\" data-id=\"cee9085\" data-element_type=\"container\" data-e-type=\"container\">\n\t\t\t\t\t<div class=\"e-con-inner\">\n\t\t\t\t<div class=\"elementor-element elementor-element-8e5c4ad elementor-widget elementor-widget-heading\" data-id=\"8e5c4ad\" data-element_type=\"widget\" data-e-type=\"widget\" data-widget_type=\"heading.default\">\n\t\t\t\t<div class=\"elementor-widget-container\">\n\t\t\t\t\t<h2 class=\"elementor-heading-title elementor-size-default\">Galer\u00eda de fotos de actividades recientes:<\/h2>\t\t\t\t<\/div>\n\t\t\t\t<\/div>\n\t\t\t\t<div class=\"elementor-element elementor-element-0618507 elementor-arrows-position-inside elementor-pagination-position-outside elementor-widget elementor-widget-image-carousel\" data-id=\"0618507\" data-element_type=\"widget\" data-e-type=\"widget\" data-settings=\"{&quot;navigation&quot;:&quot;both&quot;,&quot;autoplay&quot;:&quot;yes&quot;,&quot;pause_on_hover&quot;:&quot;yes&quot;,&quot;pause_on_interaction&quot;:&quot;yes&quot;,&quot;autoplay_speed&quot;:5000,&quot;infinite&quot;:&quot;yes&quot;,&quot;speed&quot;:500}\" data-widget_type=\"image-carousel.default\">\n\t\t\t\t<div class=\"elementor-widget-container\">\n\t\t\t\t\t\t\t<div class=\"elementor-image-carousel-wrapper swiper\" role=\"region\" aria-roledescription=\"carousel\" aria-label=\"Image Carousel\" dir=\"ltr\">\n\t\t\t<div class=\"elementor-image-carousel swiper-wrapper\" aria-live=\"off\">\n\t\t\t\t\t\t\t\t<div class=\"swiper-slide\" role=\"group\" aria-roledescription=\"slide\" aria-label=\"1 of 13\"><figure class=\"swiper-slide-inner\"><img decoding=\"async\" class=\"swiper-slide-image\" src=\"https:\/\/env-devihmadridcom-dev2.kinsta.cloud\/wp-content\/uploads\/2024\/07\/IMG-20240403-WA0011-300x138.jpg\" alt=\"IMG-20240403-WA0011\" title=\"\"><\/figure><\/div><div class=\"swiper-slide\" role=\"group\" aria-roledescription=\"slide\" aria-label=\"2 of 13\"><figure class=\"swiper-slide-inner\"><img decoding=\"async\" class=\"swiper-slide-image\" src=\"https:\/\/env-devihmadridcom-dev2.kinsta.cloud\/wp-content\/uploads\/2024\/07\/WhatsApp-Image-2024-04-18-at-13.52.48-300x225.jpeg\" alt=\"WhatsApp Image 2024-04-18 at 13.52.48\" title=\"\"><\/figure><\/div><div class=\"swiper-slide\" role=\"group\" aria-roledescription=\"slide\" aria-label=\"3 of 13\"><figure class=\"swiper-slide-inner\"><img decoding=\"async\" class=\"swiper-slide-image\" src=\"https:\/\/env-devihmadridcom-dev2.kinsta.cloud\/wp-content\/uploads\/2024\/07\/WhatsApp-Image-2024-04-23-at-16.08.57-300x212.jpeg\" alt=\"WhatsApp Image 2024-04-23 at 16.08.57\" title=\"\"><\/figure><\/div><div class=\"swiper-slide\" role=\"group\" aria-roledescription=\"slide\" aria-label=\"4 of 13\"><figure class=\"swiper-slide-inner\"><img decoding=\"async\" class=\"swiper-slide-image\" src=\"https:\/\/env-devihmadridcom-dev2.kinsta.cloud\/wp-content\/uploads\/2024\/07\/IMG-20240515-WA0001-300x300.jpg\" alt=\"IMG-20240515-WA0001\" title=\"\"><\/figure><\/div><div class=\"swiper-slide\" role=\"group\" aria-roledescription=\"slide\" aria-label=\"5 of 13\"><figure class=\"swiper-slide-inner\"><img decoding=\"async\" class=\"swiper-slide-image\" src=\"https:\/\/env-devihmadridcom-dev2.kinsta.cloud\/wp-content\/uploads\/2024\/07\/IMG-20240517-WA0012-300x225.jpg\" alt=\"IMG-20240517-WA0012\" title=\"\"><\/figure><\/div><div class=\"swiper-slide\" role=\"group\" aria-roledescription=\"slide\" aria-label=\"6 of 13\"><figure class=\"swiper-slide-inner\"><img decoding=\"async\" class=\"swiper-slide-image\" src=\"https:\/\/env-devihmadridcom-dev2.kinsta.cloud\/wp-content\/uploads\/2024\/07\/Foto-Palacio-Real-1-225x300.png\" alt=\"Foto-Palacio-Real-1\" title=\"\"><\/figure><\/div><div class=\"swiper-slide\" role=\"group\" aria-roledescription=\"slide\" aria-label=\"7 of 13\"><figure class=\"swiper-slide-inner\"><img decoding=\"async\" class=\"swiper-slide-image\" src=\"https:\/\/env-devihmadridcom-dev2.kinsta.cloud\/wp-content\/uploads\/2024\/07\/Foto-Museo-Romanticismo-5-225x300.jpeg\" alt=\"Foto Museo Romanticismo (5)\" title=\"\"><\/figure><\/div><div class=\"swiper-slide\" role=\"group\" aria-roledescription=\"slide\" aria-label=\"8 of 13\"><figure class=\"swiper-slide-inner\"><img decoding=\"async\" class=\"swiper-slide-image\" src=\"https:\/\/env-devihmadridcom-dev2.kinsta.cloud\/wp-content\/uploads\/2024\/07\/Foto-Museo-Romanticismo-3-225x300.jpeg\" alt=\"Foto Museo Romanticismo (3)\" title=\"\"><\/figure><\/div><div class=\"swiper-slide\" role=\"group\" aria-roledescription=\"slide\" aria-label=\"9 of 13\"><figure class=\"swiper-slide-inner\"><img decoding=\"async\" class=\"swiper-slide-image\" src=\"https:\/\/env-devihmadridcom-dev2.kinsta.cloud\/wp-content\/uploads\/2024\/07\/Foto-Jardin-Botanico-Vertical-4-225x300.jpeg\" alt=\"Foto Jardin Botanico-Vertical (4)\" title=\"\"><\/figure><\/div><div class=\"swiper-slide\" role=\"group\" aria-roledescription=\"slide\" aria-label=\"10 of 13\"><figure class=\"swiper-slide-inner\"><img decoding=\"async\" class=\"swiper-slide-image\" src=\"https:\/\/env-devihmadridcom-dev2.kinsta.cloud\/wp-content\/uploads\/2024\/07\/Foto-Sorolla-4-225x300.jpeg\" alt=\"Foto Sorolla (4)\" title=\"\"><\/figure><\/div><div class=\"swiper-slide\" role=\"group\" aria-roledescription=\"slide\" aria-label=\"11 of 13\"><figure class=\"swiper-slide-inner\"><img decoding=\"async\" class=\"swiper-slide-image\" src=\"https:\/\/env-devihmadridcom-dev2.kinsta.cloud\/wp-content\/uploads\/2024\/07\/2022-ACTIV-Toledo-Santa-Maria-la-Blanca-UGA-BUENA-300x225.jpg\" alt=\"oppo_0\" title=\"\"><\/figure><\/div><div class=\"swiper-slide\" role=\"group\" aria-roledescription=\"slide\" aria-label=\"12 of 13\"><figure class=\"swiper-slide-inner\"><img decoding=\"async\" class=\"swiper-slide-image\" src=\"https:\/\/env-devihmadridcom-dev2.kinsta.cloud\/wp-content\/uploads\/2024\/07\/Museo-del-Prado-Estatua-de-Murillo-muy-bonita-300x225.jpg\" alt=\"Museo del Prado Estatua de Murillo (muy bonita)\" title=\"\"><\/figure><\/div><div class=\"swiper-slide\" role=\"group\" aria-roledescription=\"slide\" aria-label=\"13 of 13\"><figure class=\"swiper-slide-inner\"><img decoding=\"async\" class=\"swiper-slide-image\" src=\"https:\/\/env-devihmadridcom-dev2.kinsta.cloud\/wp-content\/uploads\/2024\/07\/IMG-20230719-WA0004-300x225.jpg\" alt=\"IMG-20230719-WA0004\" title=\"\"><\/figure><\/div>\t\t\t<\/div>\n\t\t\t\t\t\t\t\t\t\t\t\t<div class=\"elementor-swiper-button elementor-swiper-button-prev\" role=\"button\" tabindex=\"0\">\n\t\t\t\t\t\t<i aria-hidden=\"true\" class=\"eicon-chevron-left\"><\/i>\t\t\t\t\t<\/div>\n\t\t\t\t\t<div class=\"elementor-swiper-button elementor-swiper-button-next\" role=\"button\" tabindex=\"0\">\n\t\t\t\t\t\t<i aria-hidden=\"true\" class=\"eicon-chevron-right\"><\/i>\t\t\t\t\t<\/div>\n\t\t\t\t\n\t\t\t\t\t\t\t\t\t<div class=\"swiper-pagination\"><\/div>\n\t\t\t\t\t\t\t\t\t<\/div>\n\t\t\t\t\t\t<\/div>\n\t\t\t\t<\/div>\n\t\t\t\t\t<\/div>\n\t\t\t\t<\/div>\n\t\t\t\t<section class=\"elementor-section elementor-top-section elementor-element elementor-element-c4ecf27 elementor-section-boxed elementor-section-height-default elementor-section-height-default\" data-id=\"c4ecf27\" data-element_type=\"section\" data-e-type=\"section\" data-settings=\"{&quot;background_background&quot;:&quot;classic&quot;}\">\n\t\t\t\t\t\t<div class=\"elementor-container elementor-column-gap-default\">\n\t\t\t\t\t<div class=\"elementor-column elementor-col-50 elementor-top-column elementor-element elementor-element-33b3e50\" data-id=\"33b3e50\" data-element_type=\"column\" data-e-type=\"column\">\n\t\t\t<div class=\"elementor-widget-wrap elementor-element-populated\">\n\t\t\t\t\t\t<div class=\"elementor-element elementor-element-99b71ad elementor-widget elementor-widget-heading\" data-id=\"99b71ad\" data-element_type=\"widget\" data-e-type=\"widget\" data-widget_type=\"heading.default\">\n\t\t\t\t<div class=\"elementor-widget-container\">\n\t\t\t\t\t<h2 class=\"elementor-heading-title elementor-size-default\">Prueba de nivel de espa\u00f1ol gratuita<\/h2>\t\t\t\t<\/div>\n\t\t\t\t<\/div>\n\t\t\t\t<div class=\"elementor-element elementor-element-338b293 elementor-widget elementor-widget-text-editor\" data-id=\"338b293\" data-element_type=\"widget\" data-e-type=\"widget\" data-widget_type=\"text-editor.default\">\n\t\t\t\t<div class=\"elementor-widget-container\">\n\t\t\t\t\t\t\t\t\t<div class=\"cta-image--content-description text-m\"><div class=\"cta-image--content-description text-m\"><p><span style=\"font-weight: 400;\">Antes de comenzar tu curso, te invitamos a realizar nuestro <\/span><span style=\"text-decoration: underline;\"><span style=\"color: #ffffff;\"><a style=\"color: #ffffff;\" href=\"https:\/\/env-devihmadridcom-dev2.kinsta.cloud\/cursos-espanol\/prueba-de-nivel\/\"><b>test de nivel de espa\u00f1ol<\/b><\/a><\/span><\/span><span style=\"font-weight: 400;\">. Esta evaluaci\u00f3n gratuita te ayudar\u00e1 a determinar tu nivel actual y te permitir\u00e1 inscribirte en el programa que mejor se adapte a tus habilidades ling\u00fc\u00edsticas.<\/span><\/p><p><span style=\"font-weight: 400;\">En International House Madrid, nos comprometemos a proporcionarte una experiencia de aprendizaje de espa\u00f1ol de primera clase. \u00a1\u00danete a nosotros y comienza tu viaje hacia la fluidez en espa\u00f1ol hoy mismo!<\/span><\/p><\/div><\/div>\t\t\t\t\t\t\t\t<\/div>\n\t\t\t\t<\/div>\n\t\t\t\t<div class=\"elementor-element elementor-element-253b091 elementor-widget elementor-widget-button\" data-id=\"253b091\" data-element_type=\"widget\" data-e-type=\"widget\" data-widget_type=\"button.default\">\n\t\t\t\t<div class=\"elementor-widget-container\">\n\t\t\t\t\t\t\t\t\t<div class=\"elementor-button-wrapper\">\n\t\t\t\t\t<a class=\"elementor-button elementor-button-link elementor-size-sm\" href=\"https:\/\/www.ihleveltest.com\/student\/online-spanish-level-test\" target=\"_blank\" rel=\"noopener\">\n\t\t\t\t\t\t<span class=\"elementor-button-content-wrapper\">\n\t\t\t\t\t\t<span class=\"elementor-button-icon\">\n\t\t\t\t<i aria-hidden=\"true\" class=\"icon icon-ih_star_white\"><\/i>\t\t\t<\/span>\n\t\t\t\t\t\t\t\t\t<span class=\"elementor-button-text\">Hacer la prueba de nivel de espa\u00f1ol<\/span>\n\t\t\t\t\t<\/span>\n\t\t\t\t\t<\/a>\n\t\t\t\t<\/div>\n\t\t\t\t\t\t\t\t<\/div>\n\t\t\t\t<\/div>\n\t\t\t\t\t<\/div>\n\t\t<\/div>\n\t\t\t\t<div class=\"elementor-column elementor-col-50 elementor-top-column elementor-element elementor-element-a173396\" data-id=\"a173396\" data-element_type=\"column\" data-e-type=\"column\">\n\t\t\t<div class=\"elementor-widget-wrap elementor-element-populated\">\n\t\t\t\t\t\t<div class=\"elementor-element elementor-element-6909f7d elementor-widget elementor-widget-image\" data-id=\"6909f7d\" data-element_type=\"widget\" data-e-type=\"widget\" data-widget_type=\"image.default\">\n\t\t\t\t<div class=\"elementor-widget-container\">\n\t\t\t\t\t\t\t\t\t\t\t\t\t\t\t<img decoding=\"async\" width=\"652\" height=\"506\" src=\"https:\/\/env-devihmadridcom-dev2.kinsta.cloud\/wp-content\/uploads\/2021\/07\/manos.png\" class=\"attachment-large size-large wp-image-5956\" alt=\"\" srcset=\"https:\/\/env-devihmadridcom-dev2.kinsta.cloud\/wp-content\/uploads\/2021\/07\/manos.png 652w, https:\/\/env-devihmadridcom-dev2.kinsta.cloud\/wp-content\/uploads\/2021\/07\/manos-600x466.png 600w, https:\/\/env-devihmadridcom-dev2.kinsta.cloud\/wp-content\/uploads\/2021\/07\/manos-300x233.png 300w\" sizes=\"(max-width: 652px) 100vw, 652px\" title=\"\">\t\t\t\t\t\t\t\t\t\t\t\t\t\t\t<\/div>\n\t\t\t\t<\/div>\n\t\t\t\t\t<\/div>\n\t\t<\/div>\n\t\t\t\t\t<\/div>\n\t\t<\/section>\n\t\t\t\t<section class=\"elementor-section elementor-top-section elementor-element elementor-element-9a0f8da elementor-section-boxed elementor-section-height-default elementor-section-height-default\" data-id=\"9a0f8da\" data-element_type=\"section\" data-e-type=\"section\" data-settings=\"{&quot;background_background&quot;:&quot;classic&quot;}\">\n\t\t\t\t\t\t<div class=\"elementor-container elementor-column-gap-default\">\n\t\t\t\t\t<div class=\"elementor-column elementor-col-50 elementor-top-column elementor-element elementor-element-3afa26a\" data-id=\"3afa26a\" data-element_type=\"column\" data-e-type=\"column\">\n\t\t\t<div class=\"elementor-widget-wrap elementor-element-populated\">\n\t\t\t\t\t\t<div class=\"elementor-element elementor-element-be78e03 elementor-widget elementor-widget-text-editor\" data-id=\"be78e03\" data-element_type=\"widget\" data-e-type=\"widget\" data-widget_type=\"text-editor.default\">\n\t\t\t\t<div class=\"elementor-widget-container\">\n\t\t\t\t\t\t\t\t\t<h2>\u00bfTienes una consulta?<br \/>\u00a1Cont\u00e1ctanos!<\/h2><p><img decoding=\"async\" class=\"alignnone size-medium wp-image-31847\" src=\"https:\/\/env-devihmadridcom-dev2.kinsta.cloud\/wp-content\/uploads\/2024\/06\/rainbow_flat_wavy_up-300x34.png\" alt=\"IH rainbow\" width=\"300\" height=\"34\" title=\"\" srcset=\"https:\/\/env-devihmadridcom-dev2.kinsta.cloud\/wp-content\/uploads\/2024\/06\/rainbow_flat_wavy_up-300x34.png 300w, https:\/\/env-devihmadridcom-dev2.kinsta.cloud\/wp-content\/uploads\/2024\/06\/rainbow_flat_wavy_up-1024x117.png 1024w, https:\/\/env-devihmadridcom-dev2.kinsta.cloud\/wp-content\/uploads\/2024\/06\/rainbow_flat_wavy_up-768x88.png 768w, https:\/\/env-devihmadridcom-dev2.kinsta.cloud\/wp-content\/uploads\/2024\/06\/rainbow_flat_wavy_up-1536x176.png 1536w, https:\/\/env-devihmadridcom-dev2.kinsta.cloud\/wp-content\/uploads\/2024\/06\/rainbow_flat_wavy_up-600x69.png 600w, https:\/\/env-devihmadridcom-dev2.kinsta.cloud\/wp-content\/uploads\/2024\/06\/rainbow_flat_wavy_up.png 1720w\" sizes=\"(max-width: 300px) 100vw, 300px\" \/><\/p><p>Rellena el formulario y nos pondremos en contacto contigo lo antes posible.<\/p>\t\t\t\t\t\t\t\t<\/div>\n\t\t\t\t<\/div>\n\t\t\t\t\t<\/div>\n\t\t<\/div>\n\t\t\t\t<div class=\"elementor-column elementor-col-50 elementor-top-column elementor-element elementor-element-3398c76\" data-id=\"3398c76\" data-element_type=\"column\" data-e-type=\"column\">\n\t\t\t<div class=\"elementor-widget-wrap elementor-element-populated\">\n\t\t\t\t\t\t<div class=\"elementor-element elementor-element-bcdaca6 elementor-widget elementor-widget-html\" data-id=\"bcdaca6\" data-element_type=\"widget\" data-e-type=\"widget\" data-widget_type=\"html.default\">\n\t\t\t\t<div class=\"elementor-widget-container\">\n\t\t\t\t\t<script type=\"text\/javascript\" src=\"https:\/\/api.clientify.net\/web-marketing\/superforms\/script\/203258.js\"><\/script>\t\t\t\t<\/div>\n\t\t\t\t<\/div>\n\t\t\t\t\t<\/div>\n\t\t<\/div>\n\t\t\t\t\t<\/div>\n\t\t<\/section>\n\t\t\t\t<\/div>\n\t\t","protected":false},"excerpt":{"rendered":"","protected":false},"author":2139,"featured_media":19960,"parent":0,"menu_order":0,"comment_status":"closed","ping_status":"closed","template":"elementor_header_footer","meta":{"footnotes":"","_links_to":"","_links_to_target":""},"categories":[],"tags":[],"class_list":["post-45986","page","type-page","status-publish","has-post-thumbnail","hentry"],"_links":{"self":[{"href":"https:\/\/env-devihmadridcom-dev2.kinsta.cloud\/en\/wp-json\/wp\/v2\/pages\/45986","targetHints":{"allow":["GET"]}}],"collection":[{"href":"https:\/\/env-devihmadridcom-dev2.kinsta.cloud\/en\/wp-json\/wp\/v2\/pages"}],"about":[{"href":"https:\/\/env-devihmadridcom-dev2.kinsta.cloud\/en\/wp-json\/wp\/v2\/types\/page"}],"author":[{"embeddable":true,"href":"https:\/\/env-devihmadridcom-dev2.kinsta.cloud\/en\/wp-json\/wp\/v2\/users\/2139"}],"replies":[{"embeddable":true,"href":"https:\/\/env-devihmadridcom-dev2.kinsta.cloud\/en\/wp-json\/wp\/v2\/comments?post=45986"}],"version-history":[{"count":1,"href":"https:\/\/env-devihmadridcom-dev2.kinsta.cloud\/en\/wp-json\/wp\/v2\/pages\/45986\/revisions"}],"predecessor-version":[{"id":45987,"href":"https:\/\/env-devihmadridcom-dev2.kinsta.cloud\/en\/wp-json\/wp\/v2\/pages\/45986\/revisions\/45987"}],"wp:featuredmedia":[{"embeddable":true,"href":"https:\/\/env-devihmadridcom-dev2.kinsta.cloud\/en\/wp-json\/wp\/v2\/media\/19960"}],"wp:attachment":[{"href":"https:\/\/env-devihmadridcom-dev2.kinsta.cloud\/en\/wp-json\/wp\/v2\/media?parent=45986"}],"wp:term":[{"taxonomy":"category","embeddable":true,"href":"https:\/\/env-devihmadridcom-dev2.kinsta.cloud\/en\/wp-json\/wp\/v2\/categories?post=45986"},{"taxonomy":"post_tag","embeddable":true,"href":"https:\/\/env-devihmadridcom-dev2.kinsta.cloud\/en\/wp-json\/wp\/v2\/tags?post=45986"}],"curies":[{"name":"wp","href":"https:\/\/api.w.org\/{rel}","templated":true}]}}